{"id":736,"date":"2022-03-07T11:11:12","date_gmt":"2022-03-07T10:11:12","guid":{"rendered":"https:\/\/chamoue-promotion.fr\/?page_id=736"},"modified":"2022-03-18T10:54:24","modified_gmt":"2022-03-18T09:54:24","slug":"legal-disclaimer","status":"publish","type":"page","link":"https:\/\/chamoue-promotion.fr\/en\/legal-disclaimer\/","title":{"rendered":"legal disclaimer"},"content":{"rendered":"<h1>legal disclaimer<\/h1>\n<h2>Publisher<\/h2>\n<div>\n<p>This site is the property of the company <strong>SCCV CHAMOUE<\/strong>, also called <strong>CHAMOUE PROMOTION<\/strong>, whose head office is located :<\/p>\n<p>384 route du rocher<br \/>74260 Les Gets &#8211; France<\/p>\n<p>Soci\u00e9t\u00e9 Civile Immobili\u00e8re de Construction &#8211; Vente (SCCV) with a capital of 1 000,00 \u20ac.<br \/>RCS Thionville n\u00b0 D 822 300 752<br \/>SIRET n\u00b0 822 300 752 00026<br \/>APE n\u00b0 4110D<br \/>Intracommunity VAT n\u00b0 FR 14 822 300 752<\/p>\n<p>Phone. <strong><a href=\"tel:+33382505468\" title=\"Appeler CHAMOUE PROMOTION\">+33 \/ (0)3 82 50 54 68<\/a><\/strong><br \/>Email <strong><a href=\"mailto:contact@chamoue-promotion.fr\" title=\"Contacter CHAMOUE PROMOTION\">contact@chamoue-promotion.fr<\/a><\/strong><\/p>\n<\/div>\n<h2>Responsible for the publication<\/h2>\n<div>\n<p>Thibaut PAULUS, Director<\/p>\n<\/div>\n<h2>Hosting<\/h2>\n<div>\n<p>This site is hosted by the company :<\/p>\n<p><strong>OVH<\/strong><br \/>2 rue Kellermann<br \/>59100 Roubaix &#8211; France<\/p>\n<p>SAS with a capital of 10 059 500 \u20ac.<br \/>RCS Lille Metropole 424 761 419<\/p>\n<p>Web <strong><a title=\"Visiter le site OVH\" href=\"http:\/\/www.ovh.com\/\" target=\"_blank\" rel=\"noopener\">www.ovh.com<\/a><\/strong><\/p>\n<\/div>\n<h2>Terms of use of the site<\/h2>\n<div>\n<p>The data put on line on this Internet site have for objectives only to inform the visitors on the services, the organization, the equipment, and the operation of our establishment. The company <strong>CHAMOUE PROMOTION<\/strong> reserves the exclusive right to modify, restrict or delete the site or part of its content, at its sole discretion and in any form whatsoever. This site is regularly updated and checked. However, if errors or omissions are likely to infiltrate our pages, the company<strong> CHAMOUE PROMOTION<\/strong> cannot be held responsible.<\/p>\n<p>Any visitor estimating that the site infringes his rights to the personality (defamation, copyright&#8230;) commits himself to inform the owner of the site before any legal procedure in order to allow a spontaneous cessation of the infringement if this one is proved.<\/p>\n<p>At the same time, the Publication Manager undertakes to withdraw any representation of a work or a brand that would contravene rights protected under intellectual property.<\/p>\n<p>Any visitor located abroad undertakes to leave the site if all or part of its content contravenes the legislation of his or her State, the owner of the site declining all responsibility in such a situation.<\/p>\n<\/div>\n<h2>Protection of personal data<\/h2>\n<div>\n<p>Cf. our <strong><a title=\"Lire notre Politique de Confidentialit\u00e9\" href=\"https:\/\/chamoue-promotion.fr\/privacy-policy\/?lang=en\">Privacy Policy<\/a><\/strong>.<\/p>\n<\/div>\n<h2>Copyright protection and applicable legislation<\/h2>\n<div>\n<p>The whole of this site is subject to French legislation on copyright and intellectual property. Only French law is applicable.<\/p>\n<p>All reproduction rights are reserved, including for texts, downloadable documents and iconographic and photographic representations.<\/p>\n<p>Consequently, any total or partial representation of this site by any process whatsoever, without the express permission of the company <strong>CHAMOUE PROMOTION<\/strong> is prohibited and would constitute an infringement punishable by the Intellectual Property Code.<\/p>\n<p>In case of dispute, the Commercial Court of Metz (57, France) is the only competent court, even in case of recourse in guarantee or plurality of defendants.<\/p>\n<\/div>\n<h2>Photo credits<\/h2>\n<div>\n<ul>\n<li>CHAMOUE PROMOTION<\/li>\n<li>Alps Living<\/li>\n<\/ul>\n<\/div>\n<h2>Conception &amp; realization of the site<\/h2>\n<div>\n<p>The design and the realization of the site were assured by the company :<\/p>\n<p><strong>Comimo<\/strong><br \/>Address<br \/>57000 Metz &#8211; France<\/p>\n<p>Phone : <strong><a href=\"tel:+33387493901\" title=\"Appeler COMIMO\">+33 \/ (0)3 87 49 39 01<\/a><\/strong><\/p>\n<p>Web : <strong><a title=\"Visiter le site COMIMO\" href=\"https:\/\/www.comimo.fr\/\" target=\"_blank\" rel=\"noopener\">www.comimo.fr<\/a><\/strong><\/p>\n<\/div>\n<p><!--more--><br \/>\n<!-- {\"name\":\"Page FR \\\"Mentions l\\u00e9gales\\\" (v. 1)\",\"type\":\"layout\",\"children\":[{\"name\":\"Hero\",\"type\":\"section\",\"props\":{\"style\":\"default\",\"width\":\"default\",\"vertical_align\":\"middle\",\"title_position\":\"top-left\",\"title_rotation\":\"left\",\"title_breakpoint\":\"xl\",\"image_position\":\"center-center\",\"image\":\"wp-content\\\/uploads\\\/panorama-alpes.jpg\",\"height\":\"percent\",\"header_transparent\":\"light\",\"image_width\":\"1440\",\"image_height\":\"800\",\"image_size\":\"cover\",\"class\":\"hero\",\"padding_remove_bottom\":false,\"animation\":\"slide-top-medium\",\"header_transparent_noplaceholder\":true},\"children\":[{\"name\":\"\",\"type\":\"row\",\"children\":[{\"name\":\"\",\"type\":\"column\",\"props\":{\"image_position\":\"center-center\",\"width_medium\":\"1-1\",\"position_sticky_breakpoint\":\"m\",\"media_overlay_gradient\":\"\"},\"children\":[{\"name\":\"\",\"type\":\"headline\",\"props\":{\"title_element\":\"h1\",\"content\":\"legal disclaimer\",\"title_style\":\"heading-xlarge\",\"text_align\":\"center\"}}]}]}]},{\"name\":\"Content\",\"type\":\"section\",\"props\":{\"style\":\"default\",\"width\":\"default\",\"vertical_align\":\"middle\",\"title_position\":\"top-left\",\"title_rotation\":\"left\",\"title_breakpoint\":\"xl\",\"image_position\":\"center-center\",\"class\":\"content overlap-top\",\"padding_remove_top\":true,\"animation\":\"fade\"},\"children\":[{\"name\":\"\",\"type\":\"row\",\"props\":{\"layout\":\"1-2,1-2\"},\"children\":[{\"name\":\"\",\"type\":\"column\",\"props\":{\"image_position\":\"center-center\",\"width_medium\":\"1-2\",\"position_sticky_breakpoint\":\"m\",\"media_overlay_gradient\":\"\"},\"children\":[{\"type\":\"headline\",\"props\":{\"title_element\":\"h2\",\"content\":\"Publisher\",\"title_style\":\"h1\"}},{\"type\":\"text\",\"props\":{\"margin\":\"default\",\"column_breakpoint\":\"m\",\"content\":\"\n\n<p>This site is the property of the company <strong>SCCV CHAMOUE<\\\/strong>, also called <strong>CHAMOUE PROMOTION<\\\/strong>, whose head office is located :<\\\/p>\\n\n\n<p>384 route du rocher<br \\\/>74260 Les Gets - France<\\\/p>\\n\n\n<p>Soci\\u00e9t\\u00e9 Civile Immobili\\u00e8re de Construction - Vente (SCCV) with a capital of 1 000,00 \\u20ac.<br \\\/>RCS Thionville n\\u00b0 D 822 300 752<br \\\/>SIRET n\\u00b0 822 300 752 00026<br \\\/>APE n\\u00b0 4110D<br \\\/>Intracommunity VAT n\\u00b0 FR 14 822 300 752<\\\/p>\\n\n\n<p>Phone. <strong><a href=\\\"tel:+33382505468\\\" title=\\\"Appeler CHAMOUE PROMOTION\\\">+33 \\\/ (0)3 82 50 54 68<\\\/a><\\\/strong><br \\\/>Email <strong><a href=\\\"mailto:contact@chamoue-promotion.fr\\\" title=\\\"Contacter CHAMOUE PROMOTION\\\">contact@chamoue-promotion.fr<\\\/a><\\\/strong><\\\/p>\"}},{\"type\":\"headline\",\"props\":{\"title_element\":\"h2\",\"content\":\"Responsible for the publication\",\"title_style\":\"h1\",\"status\":\"\"}},{\"type\":\"text\",\"props\":{\"margin\":\"default\",\"column_breakpoint\":\"m\",\"content\":\"\n\n<p>Thibaut PAULUS, Director<\\\/p>\",\"status\":\"\"}},{\"type\":\"headline\",\"props\":{\"title_element\":\"h2\",\"content\":\"Hosting\",\"title_style\":\"h1\"}},{\"type\":\"text\",\"props\":{\"margin\":\"default\",\"column_breakpoint\":\"m\",\"content\":\"\n\n<p>This site is hosted by the company :<\\\/p>\\n\n\n<p><strong>OVH<\\\/strong><br \\\/>2 rue Kellermann<br \\\/>59100 Roubaix - France<\\\/p>\\n\n\n<p>SAS with a capital of 10 059 500 \\u20ac.<br \\\/>RCS Lille Metropole 424 761 419<\\\/p>\\n\n\n<p>Web <strong><a title=\\\"Visiter le site OVH\\\" href=\\\"http:\\\/\\\/www.ovh.com\\\/\\\" target=\\\"_blank\\\" rel=\\\"noopener\\\">www.ovh.com<\\\/a><\\\/strong><\\\/p>\"}},{\"type\":\"headline\",\"props\":{\"title_element\":\"h2\",\"content\":\"Terms of use of the site\",\"title_style\":\"h1\"}},{\"type\":\"text\",\"props\":{\"margin\":\"default\",\"column_breakpoint\":\"m\",\"content\":\"\n\n<p>The data put on line on this Internet site have for objectives only to inform the visitors on the services, the organization, the equipment, and the operation of our establishment. The company <strong>CHAMOUE PROMOTION<\\\/strong> reserves the exclusive right to modify, restrict or delete the site or part of its content, at its sole discretion and in any form whatsoever. This site is regularly updated and checked. However, if errors or omissions are likely to infiltrate our pages, the company<strong> CHAMOUE PROMOTION<\\\/strong> cannot be held responsible.<\\\/p>\\n\n\n<p>Any visitor estimating that the site infringes his rights to the personality (defamation, copyright...) commits himself to inform the owner of the site before any legal procedure in order to allow a spontaneous cessation of the infringement if this one is proved.<\\\/p>\\n\n\n<p>At the same time, the Publication Manager undertakes to withdraw any representation of a work or a brand that would contravene rights protected under intellectual property.<br \\\/><br \\\/>Any visitor located abroad undertakes to leave the site if all or part of its content contravenes the legislation of his or her State, the owner of the site declining all responsibility in such a situation.<\\\/p>\"}}]},{\"name\":\"\",\"type\":\"column\",\"props\":{\"image_position\":\"center-center\",\"width_medium\":\"1-2\",\"position_sticky_breakpoint\":\"m\",\"media_overlay_gradient\":\"\"},\"children\":[{\"type\":\"headline\",\"props\":{\"title_element\":\"h2\",\"content\":\"Protection of personal data\",\"title_style\":\"h1\"}},{\"type\":\"text\",\"props\":{\"margin\":\"default\",\"column_breakpoint\":\"m\",\"content\":\"\n\n<p>Cf. our <strong><a title=\\\"Lire notre Politique de Confidentialit\\u00e9\\\" href=\\\"\\\/politique-de-confidentialite\\\/\\\">Privacy Policy<\\\/a><\\\/strong>.<\\\/p>\"}},{\"type\":\"headline\",\"props\":{\"title_element\":\"h2\",\"content\":\"Copyright protection and applicable legislation\",\"title_style\":\"h1\"}},{\"type\":\"text\",\"props\":{\"margin\":\"default\",\"column_breakpoint\":\"m\",\"content\":\"\n\n<p>The whole of this site is subject to French legislation on copyright and intellectual property. Only French law is applicable.<\\\/p>\\n\n\n<p>All reproduction rights are reserved, including for texts, downloadable documents and iconographic and photographic representations.<\\\/p>\\n\n\n<p>Consequently, any total or partial representation of this site by any process whatsoever, without the express permission of the company <strong>CHAMOUE PROMOTION<\\\/strong> is prohibited and would constitute an infringement punishable by the Intellectual Property Code.<\\\/p>\\n\n\n<p>In case of dispute, the Commercial Court of Metz (57, France) is the only competent court, even in case of recourse in guarantee or plurality of defendants.<\\\/p>\"}},{\"type\":\"headline\",\"props\":{\"title_element\":\"h2\",\"content\":\"Photo credits\",\"title_style\":\"h1\"}},{\"type\":\"text\",\"props\":{\"margin\":\"default\",\"column_breakpoint\":\"m\",\"content\":\"\n\n<ul>\\n\n\n<li>CHAMOUE PROMOTION<\\\/li>\\n\n\n<li>Alps Living<\\\/li>\\n<\\\/ul>\"}},{\"type\":\"headline\",\"props\":{\"title_element\":\"h2\",\"content\":\"Conception &amp; realization of the site\",\"title_style\":\"h1\"}},{\"type\":\"text\",\"props\":{\"margin\":\"default\",\"column_breakpoint\":\"m\",\"content\":\"\n\n<p>The design and the realization of the site were assured by the company :<\\\/p>\\n\n\n<p><strong>Comimo<\\\/strong><br \\\/>Address<br \\\/>57000 Metz - France<\\\/p>\\n\n\n<p>Phone : <strong><a href=\\\"tel:+33387493901\\\" title=\\\"Appeler COMIMO\\\">+33 \\\/ (0)3 87 49 39 01<\\\/a><\\\/strong><\\\/p>\\n\n\n<p>Web : <strong><a title=\\\"Visiter le site COMIMO\\\" href=\\\"https:\\\/\\\/www.comimo.fr\\\/\\\" target=\\\"_blank\\\" rel=\\\"noopener\\\">www.comimo.fr<\\\/a><\\\/strong><\\\/p>\"}}]}]}]}],\"version\":\"2.7.20\"} --><\/p>\n","protected":false},"excerpt":{"rendered":"<p>legal disclaimer Publisher This site is the property of the company SCCV CHAMOUE, also called CHAMOUE PROMOTION, whose head office is located : 384 route du rocher74260 Les Gets &#8211; France Soci\u00e9t\u00e9 Civile Immobili\u00e8re de Construction &#8211; Vente (SCCV) with a capital of 1 000,00 \u20ac.RCS Thionville n\u00b0 D 822 300 752SIRET n\u00b0 822 300 [&hellip;]<\/p>\n","protected":false},"author":2,"featured_media":0,"parent":0,"menu_order":99,"comment_status":"closed","ping_status":"closed","template":"","meta":{"footnotes":""},"class_list":["post-736","page","type-page","status-publish","hentry"],"_links":{"self":[{"href":"https:\/\/chamoue-promotion.fr\/en\/wp-json\/wp\/v2\/pages\/736","targetHints":{"allow":["GET"]}}],"collection":[{"href":"https:\/\/chamoue-promotion.fr\/en\/wp-json\/wp\/v2\/pages"}],"about":[{"href":"https:\/\/chamoue-promotion.fr\/en\/wp-json\/wp\/v2\/types\/page"}],"author":[{"embeddable":true,"href":"https:\/\/chamoue-promotion.fr\/en\/wp-json\/wp\/v2\/users\/2"}],"replies":[{"embeddable":true,"href":"https:\/\/chamoue-promotion.fr\/en\/wp-json\/wp\/v2\/comments?post=736"}],"version-history":[{"count":0,"href":"https:\/\/chamoue-promotion.fr\/en\/wp-json\/wp\/v2\/pages\/736\/revisions"}],"wp:attachment":[{"href":"https:\/\/chamoue-promotion.fr\/en\/wp-json\/wp\/v2\/media?parent=736"}],"curies":[{"name":"wp","href":"https:\/\/api.w.org\/{rel}","templated":true}]}}